{"id":8293,"date":"2021-02-15T16:23:51","date_gmt":"2021-02-15T15:23:51","guid":{"rendered":"https:\/\/www.ferrierecima.it\/?page_id=8293"},"modified":"2024-03-11T14:55:44","modified_gmt":"2024-03-11T13:55:44","slug":"torons-de-garde","status":"publish","type":"page","link":"https:\/\/www.ferrierecima.it\/fr\/produits\/energie\/torons-de-garde\/","title":{"rendered":"Torons de garde"},"content":{"rendered":"<div class=\"wpb-content-wrapper\"><p>[vc_row row_type=\u00a0\u00bbparallax\u00a0\u00bb parallax_content_width=\u00a0\u00bbin_grid\u00a0\u00bb text_align=\u00a0\u00bbleft\u00a0\u00bb full_screen_section_height=\u00a0\u00bbno\u00a0\u00bb background_image=\u00a0\u00bb1005&Prime; el_class=\u00a0\u00bbrow-height\u00a0\u00bb][vc_column offset=\u00a0\u00bbvc_col-lg-8 vc_col-md-9&Prime;][vc_empty_space height=\u00a0\u00bb100px\u00a0\u00bb][vc_column_text]<\/p>\n<h1 style=\"color: #fff;\">TORONS<br \/>\n<span style=\"color: #f9830c;\">DE GARDE<\/span><\/h1>\n<p>[\/vc_column_text][vc_single_image image=\u00a0\u00bb11214&Prime; img_size=\u00a0\u00bb561 \u00d7 304&Prime; qode_css_animation=\u00a0\u00bb\u00a0\u00bb][vc_empty_space height=\u00a0\u00bb100px\u00a0\u00bb][\/vc_column][\/vc_row][vc_row css_animation=\u00a0\u00bb\u00a0\u00bb row_type=\u00a0\u00bbrow\u00a0\u00bb use_row_as_full_screen_section=\u00a0\u00bbno\u00a0\u00bb type=\u00a0\u00bbgrid\u00a0\u00bb angled_section=\u00a0\u00bbno\u00a0\u00bb text_align=\u00a0\u00bbleft\u00a0\u00bb background_image_as_pattern=\u00a0\u00bbwithout_pattern\u00a0\u00bb z_index=\u00a0\u00bb\u00a0\u00bb][vc_column offset=\u00a0\u00bbvc_col-lg-8 vc_col-md-10&Prime;][vc_empty_space height=\u00a0\u00bb60px\u00a0\u00bb][vc_column_text]En parall\u00e8le \u00e0 la production de fils et torons pour les \u00e2mes de conducteur, les FGC proposent une gamme de torons pour lignes a\u00e9riennes de garde.[\/vc_column_text][vc_empty_space height=\u00a0\u00bb60px\u00a0\u00bb][\/vc_column][\/vc_row][vc_row css_animation=\u00a0\u00bb\u00a0\u00bb row_type=\u00a0\u00bbrow\u00a0\u00bb use_row_as_full_screen_section=\u00a0\u00bbno\u00a0\u00bb type=\u00a0\u00bbgrid\u00a0\u00bb angled_section=\u00a0\u00bbno\u00a0\u00bb text_align=\u00a0\u00bbleft\u00a0\u00bb background_image_as_pattern=\u00a0\u00bbwithout_pattern\u00a0\u00bb z_index=\u00a0\u00bb\u00a0\u00bb][vc_column][vc_column_text]<\/p>\n<h2 style=\"color: #f9830c;\">PROPRI\u00c9T\u00c9 DES MAT\u00c9RIELS<\/h2>\n<p>[\/vc_column_text][vc_empty_space height=\u00a0\u00bb20px\u00a0\u00bb][vc_row_inner row_type=\u00a0\u00bbrow\u00a0\u00bb type=\u00a0\u00bbfull_width\u00a0\u00bb text_align=\u00a0\u00bbleft\u00a0\u00bb css_animation=\u00a0\u00bb\u00a0\u00bb][vc_column_inner offset=\u00a0\u00bbvc_col-lg-6 vc_col-md-6&Prime;][vc_column_text]<strong>TORONS ACIER GALVANIS\u00c9<\/strong>[\/vc_column_text][vc_empty_space height=\u00a0\u00bb20px\u00a0\u00bb][vc_column_text]\n<table id=\"tablepress-507\" class=\"tablepress tablepress-id-507 tablepress-responsive\">\n<thead>\n<tr class=\"row-1 odd\">\n\t<th class=\"column-1\">Caract\u00e9ristiques<\/th><th class=\"column-2\">Valeur<\/th>\n<\/tr>\n<\/thead>\n<tbody class=\"row-hover\">\n<tr class=\"row-2 even\">\n\t<td class=\"column-1\">Diam\u00e8tres<\/td><td class=\"column-2\">de 8,00 \u00e0 12,50 mm<\/td>\n<\/tr>\n<tr class=\"row-3 odd\">\n\t<td class=\"column-1\">R\u00e9sistance<\/td><td class=\"column-2\">> 135 daN\/mm<sup>2<\/sup> <\/td>\n<\/tr>\n<tr class=\"row-4 even\">\n\t<td class=\"column-1\">Cat\u00e9gorie et masse de  rev\u00eatement<\/td><td class=\"column-2\">A > 230 g\/m<sup>2<\/sup> <\/td>\n<\/tr>\n<tr class=\"row-5 odd\">\n\t<td class=\"column-1\">Galvanisation major\u00e9e<\/td><td class=\"column-2\">> 549 g\/m<sup>2<\/sup> <\/td>\n<\/tr>\n<tr class=\"row-6 even\">\n\t<td class=\"column-1\">Masse unitaire th\u00e9orique<\/td><td class=\"column-2\">de 396 \u00e0 733 kg\/km<\/td>\n<\/tr>\n<tr class=\"row-7 odd\">\n\t<td class=\"column-1\">Charge de rupture<\/td><td class=\"column-2\">de 5685 \u00e0 14450 daN<\/td>\n<\/tr>\n<tr class=\"row-8 even\">\n\t<td class=\"column-1\">R\u00e9sistance \u00e9lectrique th\u00e9orique \u00e0 20\u00b0C<\/td><td class=\"column-2\">de 1,705 \u00e0 2,416 Ohm\/km<\/td>\n<\/tr>\n<tr class=\"row-9 odd\">\n\t<td class=\"column-1\">Normes<\/td><td class=\"column-2\">CEI 7.2, EN50189, IEC, ASTM, BS<\/td>\n<\/tr>\n<tr class=\"row-10 even\">\n\t<td class=\"column-1\">Certifications<\/td><td class=\"column-2\">TERNA, ENEL, RFI<\/td>\n<\/tr>\n<\/tbody>\n<\/table>\n[\/vc_column_text][vc_empty_space height=\u00a0\u00bb60px\u00a0\u00bb][\/vc_column_inner][vc_column_inner offset=\u00a0\u00bbvc_col-lg-6 vc_col-md-6&Prime;][vc_column_text]<strong>TORONS ACIER REV\u00caTUS EN ALUMINIUM &#8211; ACS<\/strong>[\/vc_column_text][vc_empty_space height=\u00a0\u00bb20px\u00a0\u00bb][vc_column_text]\n<table id=\"tablepress-508\" class=\"tablepress tablepress-id-508 tablepress-responsive\">\n<thead>\n<tr class=\"row-1 odd\">\n\t<th class=\"column-1\">Caract\u00e9ristiques<\/th><th class=\"column-2\">Valeur<\/th>\n<\/tr>\n<\/thead>\n<tbody class=\"row-hover\">\n<tr class=\"row-2 even\">\n\t<td class=\"column-1\">Diam\u00e9tres<\/td><td class=\"column-2\">de 9,00 \u00e0 14,50 mm<\/td>\n<\/tr>\n<tr class=\"row-3 odd\">\n\t<td class=\"column-1\">Masse unitaire th\u00e9orique<\/td><td class=\"column-2\">de 329 \u00e0 842 kg\/km<\/td>\n<\/tr>\n<tr class=\"row-4 even\">\n\t<td class=\"column-1\">Charge de rupture<\/td><td class=\"column-2\">de 5900 \u00e0 15240 daN<\/td>\n<\/tr>\n<tr class=\"row-5 odd\">\n\t<td class=\"column-1\">R\u00e9sistance \u00e9lectrique th\u00e9orique \u00e0 20\u00b0C<\/td><td class=\"column-2\">de 0,6821 \u00e0 1,714 Ohm\/km<\/td>\n<\/tr>\n<tr class=\"row-6 even\">\n\t<td class=\"column-1\">Normes<\/td><td class=\"column-2\">CEI 7.11<\/td>\n<\/tr>\n<tr class=\"row-7 odd\">\n\t<td class=\"column-1\">Certifications<\/td><td class=\"column-2\">TERNA, ENEL, RFI<\/td>\n<\/tr>\n<\/tbody>\n<\/table>\n[\/vc_column_text][vc_empty_space height=\u00a0\u00bb60px\u00a0\u00bb][\/vc_column_inner][\/vc_row_inner][vc_row_inner row_type=\u00a0\u00bbrow\u00a0\u00bb type=\u00a0\u00bbfull_width\u00a0\u00bb text_align=\u00a0\u00bbleft\u00a0\u00bb css_animation=\u00a0\u00bb\u00a0\u00bb][vc_column_inner offset=\u00a0\u00bbvc_col-lg-6 vc_col-md-6&Prime;][vc_column_text]<\/p>\n<h5>TORONS ACIER REV\u00caTUS EN ALLIAGE ZINC 5% ALUMINIUM MISHMETAL<\/h5>\n<p>[\/vc_column_text][vc_empty_space height=\u00a0\u00bb20px\u00a0\u00bb][vc_column_text]\n<table id=\"tablepress-509\" class=\"tablepress tablepress-id-509 tablepress-responsive\">\n<thead>\n<tr class=\"row-1 odd\">\n\t<th class=\"column-1\">Caract\u00e9ristiques<\/th><th class=\"column-2\">Valeur<\/th>\n<\/tr>\n<\/thead>\n<tbody class=\"row-hover\">\n<tr class=\"row-2 even\">\n\t<td class=\"column-1\">Diam\u00e8tres<\/td><td class=\"column-2\">de 8,00 \u00e0 12,50 mm<\/td>\n<\/tr>\n<tr class=\"row-3 odd\">\n\t<td class=\"column-1\">R\u00e9sistance <\/td><td class=\"column-2\">> 135 daN\/mm<sup>2<\/sup> <\/td>\n<\/tr>\n<tr class=\"row-4 even\">\n\t<td class=\"column-1\">Cat\u00e9gorie et masse de rev\u00eatement<\/td><td class=\"column-2\">A > 230 g\/mm<sup>2<\/sup> <\/td>\n<\/tr>\n<tr class=\"row-5 odd\">\n\t<td class=\"column-1\">Masse unitaire th\u00e9orique<\/td><td class=\"column-2\">de 396 \u00e0 733 kg\/km<\/td>\n<\/tr>\n<tr class=\"row-6 even\">\n\t<td class=\"column-1\">Charge de rupture<\/td><td class=\"column-2\">de 5685 \u00e0 14450 daN<\/td>\n<\/tr>\n<tr class=\"row-7 odd\">\n\t<td class=\"column-1\">R\u00e9sistance \u00e9lectrique th\u00e9orique \u00e0 20\u00b0C<\/td><td class=\"column-2\">de 1,705 \u00e0 2,416 Ohm\/km<\/td>\n<\/tr>\n<tr class=\"row-8 even\">\n\t<td class=\"column-1\">Normes<\/td><td class=\"column-2\">EN50540, ASTM B598-08<\/td>\n<\/tr>\n<\/tbody>\n<\/table>\n[\/vc_column_text][vc_empty_space height=\u00a0\u00bb60px\u00a0\u00bb][\/vc_column_inner][vc_column_inner offset=\u00a0\u00bbvc_col-lg-6 vc_col-md-6&Prime;][\/vc_column_inner][\/vc_row_inner][vc_row_inner row_type=\u00a0\u00bbrow\u00a0\u00bb type=\u00a0\u00bbfull_width\u00a0\u00bb text_align=\u00a0\u00bbleft\u00a0\u00bb css_animation=\u00a0\u00bb\u00a0\u00bb][vc_column_inner][vc_column_text]<\/p>\n<p class=\"p1\">Les mat\u00e9riels sont contr\u00f4l\u00e9s \u00e0 chaque phase de la production selon les param\u00e8tres de notre syst\u00e8me Qualit\u00e9 conforme \u00e0 la norme <b>EN ISO 9001.<\/b><\/p>\n<p>[\/vc_column_text][vc_empty_space height=\u00a0\u00bb60px\u00a0\u00bb][\/vc_column_inner][\/vc_row_inner][\/vc_column][\/vc_row][vc_row css_animation=\u00a0\u00bb\u00a0\u00bb row_type=\u00a0\u00bbrow\u00a0\u00bb use_row_as_full_screen_section=\u00a0\u00bbno\u00a0\u00bb type=\u00a0\u00bbgrid\u00a0\u00bb angled_section=\u00a0\u00bbno\u00a0\u00bb text_align=\u00a0\u00bbleft\u00a0\u00bb background_image_as_pattern=\u00a0\u00bbwithout_pattern\u00a0\u00bb z_index=\u00a0\u00bb\u00a0\u00bb][vc_column offset=\u00a0\u00bbvc_col-lg-3 vc_col-md-12 vc_col-xs-12&Prime;][vc_empty_space height=\u00a0\u00bb15px\u00a0\u00bb][vc_column_text]<\/p>\n<h2 style=\"color: #f9830c;\">FORMATIONS<\/h2>\n<p>[\/vc_column_text][vc_empty_space height=\u00a0\u00bb60px\u00a0\u00bb][\/vc_column][vc_column width=\u00a0\u00bb1\/3&Prime; offset=\u00a0\u00bbvc_col-lg-3 vc_col-md-4 vc_col-xs-12&Prime;][vc_single_image image=\u00a0\u00bb3694&Prime; img_size=\u00a0\u00bb260 \u00d7 260&Prime; alignment=\u00a0\u00bbcenter\u00a0\u00bb qode_css_animation=\u00a0\u00bb\u00a0\u00bb][vc_empty_space height=\u00a0\u00bb15px\u00a0\u00bb][vc_column_text]<\/p>\n<h6 style=\"text-align: center;\">1&#215;7<\/h6>\n<p>[\/vc_column_text][vc_empty_space height=\u00a0\u00bb60px\u00a0\u00bb][\/vc_column][vc_column width=\u00a0\u00bb1\/3&Prime; offset=\u00a0\u00bbvc_col-lg-3 vc_col-md-4 vc_col-xs-12&Prime;][vc_single_image image=\u00a0\u00bb4153&Prime; img_size=\u00a0\u00bb260 \u00d7 260&Prime; alignment=\u00a0\u00bbcenter\u00a0\u00bb qode_css_animation=\u00a0\u00bb\u00a0\u00bb][vc_empty_space height=\u00a0\u00bb15px\u00a0\u00bb][vc_column_text]<\/p>\n<h6 style=\"text-align: center;\">1&#215;19<\/h6>\n<p>[\/vc_column_text][vc_empty_space height=\u00a0\u00bb60px\u00a0\u00bb][\/vc_column][\/vc_row][vc_row css_animation=\u00a0\u00bb\u00a0\u00bb row_type=\u00a0\u00bbrow\u00a0\u00bb use_row_as_full_screen_section=\u00a0\u00bbno\u00a0\u00bb type=\u00a0\u00bbgrid\u00a0\u00bb angled_section=\u00a0\u00bbno\u00a0\u00bb text_align=\u00a0\u00bbleft\u00a0\u00bb background_image_as_pattern=\u00a0\u00bbwithout_pattern\u00a0\u00bb z_index=\u00a0\u00bb\u00a0\u00bb][vc_column][vc_separator type=\u00a0\u00bbnormal\u00a0\u00bb color=\u00a0\u00bb#ededed\u00a0\u00bb thickness=\u00a0\u00bb1&Prime; up=\u00a0\u00bb0&Prime; down=\u00a0\u00bb60&Prime;][vc_column_text]<\/p>\n<h2 style=\"color: #f9830c;\">CONDITIONNEMENT<\/h2>\n<p>[\/vc_column_text][vc_empty_space height=\u00a0\u00bb40px\u00a0\u00bb][vc_row_inner row_type=\u00a0\u00bbrow\u00a0\u00bb type=\u00a0\u00bbfull_width\u00a0\u00bb text_align=\u00a0\u00bbleft\u00a0\u00bb css_animation=\u00a0\u00bb\u00a0\u00bb][vc_column_inner width=\u00a0\u00bb1\/2&Prime; offset=\u00a0\u00bbvc_col-lg-6 vc_col-md-offset-0 vc_col-md-6 vc_col-sm-offset-2 vc_col-xs-12&Prime;][vc_gallery type=\u00a0\u00bbflexslider_slide\u00a0\u00bb interval=\u00a0\u00bb0&Prime; images=\u00a0\u00bb3742&Prime; img_size=\u00a0\u00bbfull\u00a0\u00bb onclick=\u00a0\u00bb\u00a0\u00bb direction_nav=\u00a0\u00bbno\u00a0\u00bb control_nav=\u00a0\u00bbno\u00a0\u00bb][vc_empty_space height=\u00a0\u00bb15px\u00a0\u00bb][vc_column_text]<\/p>\n<h5>TORONS<\/h5>\n<p>Tourets bois de 1.000 \u00e0 4.000 m[\/vc_column_text][vc_empty_space height=\u00a0\u00bb60px\u00a0\u00bb][\/vc_column_inner][vc_column_inner width=\u00a0\u00bb1\/2&Prime; offset=\u00a0\u00bbvc_col-lg-6 vc_col-md-offset-0 vc_col-md-6 vc_col-sm-offset-2 vc_col-xs-12&Prime;][vc_gallery type=\u00a0\u00bbflexslider_slide\u00a0\u00bb interval=\u00a0\u00bb0&Prime; images=\u00a0\u00bb3779&Prime; img_size=\u00a0\u00bbfull\u00a0\u00bb onclick=\u00a0\u00bb\u00a0\u00bb direction_nav=\u00a0\u00bbno\u00a0\u00bb control_nav=\u00a0\u00bbno\u00a0\u00bb][vc_empty_space height=\u00a0\u00bb15px\u00a0\u00bb][vc_column_text]<\/p>\n<h5>MARITIME<\/h5>\n<p>Tourets bois avec traitements sp\u00e9cifiques<br \/>\nFAO ISPM 15[\/vc_column_text][vc_empty_space height=\u00a0\u00bb60px\u00a0\u00bb][\/vc_column_inner][\/vc_row_inner][\/vc_column][\/vc_row][vc_row css_animation=\u00a0\u00bb\u00a0\u00bb row_type=\u00a0\u00bbrow\u00a0\u00bb use_row_as_full_screen_section=\u00a0\u00bbno\u00a0\u00bb type=\u00a0\u00bbgrid\u00a0\u00bb angled_section=\u00a0\u00bbno\u00a0\u00bb text_align=\u00a0\u00bbleft\u00a0\u00bb background_image_as_pattern=\u00a0\u00bbwithout_pattern\u00a0\u00bb z_index=\u00a0\u00bb\u00a0\u00bb][vc_column offset=\u00a0\u00bbvc_col-lg-offset-0 vc_col-lg-12 vc_col-md-offset-0 vc_col-md-12 vc_col-sm-offset-0 vc_col-xs-12&Prime;][vc_separator type=\u00a0\u00bbnormal\u00a0\u00bb color=\u00a0\u00bb#ededed\u00a0\u00bb thickness=\u00a0\u00bb1&Prime; up=\u00a0\u00bb0&Prime; down=\u00a0\u00bb80&Prime;][vc_gallery type=\u00a0\u00bbimage_grid\u00a0\u00bb images=\u00a0\u00bb3764,3765,3766,3767,3768,3769,3743,3744&Prime; img_size=\u00a0\u00bb300 x 200&Prime; onclick=\u00a0\u00bb\u00a0\u00bb column_number=\u00a0\u00bb4&Prime; grayscale=\u00a0\u00bbno\u00a0\u00bb images_space=\u00a0\u00bbgallery_with_space\u00a0\u00bb][vc_empty_space height=\u00a0\u00bb60px\u00a0\u00bb][\/vc_column][\/vc_row][vc_row css_animation=\u00a0\u00bb\u00a0\u00bb row_type=\u00a0\u00bbrow\u00a0\u00bb use_row_as_full_screen_section=\u00a0\u00bbno\u00a0\u00bb type=\u00a0\u00bbgrid\u00a0\u00bb angled_section=\u00a0\u00bbno\u00a0\u00bb text_align=\u00a0\u00bbcenter\u00a0\u00bb background_image_as_pattern=\u00a0\u00bbwithout_pattern\u00a0\u00bb z_index=\u00a0\u00bb\u00a0\u00bb][vc_column][vc_separator type=\u00a0\u00bbnormal\u00a0\u00bb color=\u00a0\u00bb#ededed\u00a0\u00bb thickness=\u00a0\u00bb1&Prime; up=\u00a0\u00bb0&Prime; down=\u00a0\u00bb80&Prime;]<span data-type=\"square\"   class=\"qode_icon_shortcode fa-stack q_font_awsome_icon_square fa-3x pull-center \" style=\"background-color: #ffffff;border: 3px solid #f2f2f2;font-size: 70px;border-radius: 70px; \"><a   itemprop=\"url\" href=\"https:\/\/www.ferrierecima.it\/download\/fr\/2021\/fr-torons-de-garde.pdf\" target=\"_blank\"><i class=\"qode_icon_font_awesome fa fa-file-pdf-o qode_icon_element\" style=\"color: #f9830c;\" ><\/i><\/a><\/span>[vc_empty_space height=\u00a0\u00bb25px\u00a0\u00bb][vc_column_text]<\/p>\n<h5>T\u00c9L\u00c9CHARGER LA VERSION .PDF<\/h5>\n<p>[\/vc_column_text][vc_empty_space height=\u00a0\u00bb80px\u00a0\u00bb][\/vc_column][\/vc_row][vc_row css_animation=\u00a0\u00bb\u00a0\u00bb row_type=\u00a0\u00bbrow\u00a0\u00bb use_row_as_full_screen_section=\u00a0\u00bbno\u00a0\u00bb type=\u00a0\u00bbgrid\u00a0\u00bb angled_section=\u00a0\u00bbno\u00a0\u00bb text_align=\u00a0\u00bbcenter\u00a0\u00bb background_image_as_pattern=\u00a0\u00bbwithout_pattern\u00a0\u00bb z_index=\u00a0\u00bb\u00a0\u00bb][vc_column][vc_separator type=\u00a0\u00bbnormal\u00a0\u00bb color=\u00a0\u00bb#ededed\u00a0\u00bb thickness=\u00a0\u00bb1&Prime; up=\u00a0\u00bb0&Prime; down=\u00a0\u00bb80&Prime;][vc_column_text]Pour informations compl\u00e9mentaires[\/vc_column_text][vc_empty_space height=\u00a0\u00bb25px\u00a0\u00bb]<a  itemprop=\"url\" href=\"https:\/\/www.ferrierecima.it\/fr\/contacts\/#demander-des-informations\" target=\"_self\"  class=\"qbutton  center white enlarge\" style=\"\">CONTACTEZ LE TEAM FGC<\/a>[vc_empty_space height=\u00a0\u00bb80px\u00a0\u00bb][\/vc_column][\/vc_row][vc_row css_animation=\u00a0\u00bb\u00a0\u00bb row_type=\u00a0\u00bbrow\u00a0\u00bb use_row_as_full_screen_section=\u00a0\u00bbno\u00a0\u00bb type=\u00a0\u00bbfull_width\u00a0\u00bb angled_section=\u00a0\u00bbno\u00a0\u00bb text_align=\u00a0\u00bbleft\u00a0\u00bb background_image_as_pattern=\u00a0\u00bbwithout_pattern\u00a0\u00bb z_index=\u00a0\u00bb\u00a0\u00bb css=\u00a0\u00bb.vc_custom_1533284915096{background-color: #020021 !important;}\u00a0\u00bb el_class=\u00a0\u00bbdiv-prodotti\u00a0\u00bb][vc_column][vc_widget_sidebar sidebar_id=\u00a0\u00bbWidget prodotti\u00a0\u00bb][\/vc_column][\/vc_row]<\/p>\n<\/div>","protected":false},"excerpt":{"rendered":"<p>[vc_row row_type=\u00a0\u00bbparallax\u00a0\u00bb parallax_content_width=\u00a0\u00bbin_grid\u00a0\u00bb text_align=\u00a0\u00bbleft\u00a0\u00bb full_screen_section_height=\u00a0\u00bbno\u00a0\u00bb background_image=\u00a0\u00bb1005&Prime; el_class=\u00a0\u00bbrow-height\u00a0\u00bb][vc_column offset=\u00a0\u00bbvc_col-lg-8 vc_col-md-9&Prime;][vc_empty_space height=\u00a0\u00bb100px\u00a0\u00bb][vc_column_text] TORONS DE GARDE [\/vc_column_text][vc_single_image image=\u00a0\u00bb11214&Prime; img_size=\u00a0\u00bb561 \u00d7 304&Prime; qode_css_animation=\u00a0\u00bb\u00a0\u00bb][vc_empty_space height=\u00a0\u00bb100px\u00a0\u00bb][\/vc_column][\/vc_row][vc_row css_animation=\u00a0\u00bb\u00a0\u00bb row_type=\u00a0\u00bbrow\u00a0\u00bb use_row_as_full_screen_section=\u00a0\u00bbno\u00a0\u00bb type=\u00a0\u00bbgrid\u00a0\u00bb angled_section=\u00a0\u00bbno\u00a0\u00bb text_align=\u00a0\u00bbleft\u00a0\u00bb background_image_as_pattern=\u00a0\u00bbwithout_pattern\u00a0\u00bb z_index=\u00a0\u00bb\u00a0\u00bb][vc_column offset=\u00a0\u00bbvc_col-lg-8 vc_col-md-10&Prime;][vc_empty_space height=\u00a0\u00bb60px\u00a0\u00bb][vc_column_text]En parall\u00e8le \u00e0 la production de fils et torons pour les \u00e2mes de conducteur, les&#8230;<\/p>\n","protected":false},"author":12,"featured_media":0,"parent":4234,"menu_order":0,"comment_status":"closed","ping_status":"closed","template":"full_width.php","meta":{"footnotes":""},"class_list":["post-8293","page","type-page","status-publish","hentry"],"_links":{"self":[{"href":"https:\/\/www.ferrierecima.it\/fr\/wp-json\/wp\/v2\/pages\/8293","targetHints":{"allow":["GET"]}}],"collection":[{"href":"https:\/\/www.ferrierecima.it\/fr\/wp-json\/wp\/v2\/pages"}],"about":[{"href":"https:\/\/www.ferrierecima.it\/fr\/wp-json\/wp\/v2\/types\/page"}],"author":[{"embeddable":true,"href":"https:\/\/www.ferrierecima.it\/fr\/wp-json\/wp\/v2\/users\/12"}],"replies":[{"embeddable":true,"href":"https:\/\/www.ferrierecima.it\/fr\/wp-json\/wp\/v2\/comments?post=8293"}],"version-history":[{"count":3,"href":"https:\/\/www.ferrierecima.it\/fr\/wp-json\/wp\/v2\/pages\/8293\/revisions"}],"predecessor-version":[{"id":34299,"href":"https:\/\/www.ferrierecima.it\/fr\/wp-json\/wp\/v2\/pages\/8293\/revisions\/34299"}],"up":[{"embeddable":true,"href":"https:\/\/www.ferrierecima.it\/fr\/wp-json\/wp\/v2\/pages\/4234"}],"wp:attachment":[{"href":"https:\/\/www.ferrierecima.it\/fr\/wp-json\/wp\/v2\/media?parent=8293"}],"curies":[{"name":"wp","href":"https:\/\/api.w.org\/{rel}","templated":true}]}}